{"id":1218,"date":"2019-11-07T09:22:52","date_gmt":"2019-11-07T09:22:52","guid":{"rendered":"http:\/\/www.colegiotremanes.com\/?page_id=1218"},"modified":"2019-11-07T13:22:48","modified_gmt":"2019-11-07T13:22:48","slug":"1218-2","status":"publish","type":"page","link":"https:\/\/www.colegiotremanes.com\/?page_id=1218","title":{"rendered":""},"content":{"rendered":"<h2>El colegio p\u00fablico Trema\u00f1es, premio a la Mejor Experiencia Docente Innovadora<\/h2>\n<h3>El centro gijon\u00e9s ha obtenido este prestigioso galard\u00f3n en la Feria SIMO celebrada en Madrid<\/h3>\n<h4>El colegio p\u00fablico del barrio gijon\u00e9s de Trema\u00f1es se ha hecho ayer, mi\u00e9rcoles 6 de noviembre, con el prestigioso <a href=\"https:\/\/www.ifema.es\/simo-educacion\/noticias\/simo-educacion-2019-premios-experiencias\">premio a la Mejor Experiencia Docente Innovadora<\/a>, galard\u00f3n al que optaban cerca de 200 experiencias docentes de toda Espa\u00f1a.<\/h4>\n<h4>En un primer proceso de selecci\u00f3n fueron <a href=\"https:\/\/www.educaciontrespuntocero.com\/simo-educacion\/experiencias-para-simo-educacion-2019\/110615.html\">30 las experiencias seleccionadas<\/a>, de las cuales se escogieron 10 que fueron galardonadas en diferentes \u00e1mbitos. Ya en ese momento los Premios otorgaron al colegio asturiano el <a href=\"https:\/\/www.ifema.es\/simo-educacion\/noticias\/simo-educacion-2019-ganadores-premios-innovacion\" target=\"_blank\" rel=\"noopener\" data-saferedirecturl=\"https:\/\/www.google.com\/url?q=https:\/\/www.ifema.es\/simo-educacion\/noticias\/simo-educacion-2019-ganadores-premios-innovacion&amp;source=gmail&amp;ust=1573204606673000&amp;usg=AFQjCNEEJI6mYaA8CmxShTNtTxzyX9_-Nw\">premio a la Mejor Experiencia STEAM<\/a>.<\/h4>\n<h4>Este nuevo reconocimiento fue entregado en la gala de ayer y recogido por Mariano Su\u00e1rez, maestro de E. Infantil del centro, y Noelia Laiz, jefa de estudios.<\/h4>\n<h4>El proyecto presentado, \u00ab<a href=\"http:\/\/www.colegiotremanes.com\/?tag=ada-byron\" target=\"_blank\" rel=\"noopener\" data-saferedirecturl=\"https:\/\/www.google.com\/url?q=http:\/\/www.colegiotremanes.com\/?tag%3Dada-byron&amp;source=gmail&amp;ust=1573204606673000&amp;usg=AFQjCNHVRfxWlDOIegwBmXLjuOGQSXBfjQ\">Ada Byron y el\u00a0secreto club de los inventos<\/a>\u00bb \u00a0fue desarrollado a lo largo del curso anterior en el centro, e implic\u00f3 a toda la comunidad educativa del mismo. Ten\u00eda como eje principal el papel de la mujer en la ciencia y el desarrollo de vocaciones cient\u00edficas entre el alumnado. Para ello se desarrollaron diferentes actuaciones: calendario de visitas de cient\u00edficas, celebraci\u00f3n del D\u00eda de la ni\u00f1a y la mujer en la ciencia, creaci\u00f3n de un Club de los Inventos, contacto y donaci\u00f3n de inventos a las aulas hospitalarias del HUCA&#8230; entre otras. Como remate el colegio recibi\u00f3 la visita y conferencia de las prestigiosas cient\u00edficas Rosa Men\u00e9ndez, presidenta del CSIC y Margarita Salas, investigadora que no necesita presentaci\u00f3n.<\/h4>\n<div><\/div>\n<div>\n<p>M\u00e1s informaci\u00f3n en nuestra web: <a href=\"http:\/\/www.colegiotremanes.com\/\" target=\"_blank\" rel=\"noopener\" data-saferedirecturl=\"https:\/\/www.google.com\/url?q=http:\/\/www.colegiotremanes.com&amp;source=gmail&amp;ust=1573204606673000&amp;usg=AFQjCNEX_AZkx9gLmqkAAX6pawOOmPRlVA\">colegiotremanes.com<\/a><\/p>\n<div class=\"yj6qo\"><\/div>\n<div class=\"adL\"><\/div>\n<\/div>\n<div class=\"adL\"><\/div>\n<div class=\"adL\"><\/div>\n","protected":false},"excerpt":{"rendered":"<p>El colegio p\u00fablico Trema\u00f1es, premio a la Mejor Experiencia Docente Innovadora El centro gijon\u00e9s ha obtenido este prestigioso galard\u00f3n en la Feria SIMO celebrada en Madrid El colegio p\u00fablico del barrio gijon\u00e9s de Trema\u00f1es se ha hecho ayer, mi\u00e9rcoles 6 de noviembre, con el prestigioso premio a la Mejor Experiencia Docente Innovadora, galard\u00f3n al que [&hellip;]<\/p>\n","protected":false},"author":1,"featured_media":0,"parent":0,"menu_order":0,"comment_status":"closed","ping_status":"closed","template":"","meta":{"footnotes":""},"class_list":["post-1218","page","type-page","status-publish","hentry"],"_links":{"self":[{"href":"https:\/\/www.colegiotremanes.com\/index.php?rest_route=\/wp\/v2\/pages\/1218","targetHints":{"allow":["GET"]}}],"collection":[{"href":"https:\/\/www.colegiotremanes.com\/index.php?rest_route=\/wp\/v2\/pages"}],"about":[{"href":"https:\/\/www.colegiotremanes.com\/index.php?rest_route=\/wp\/v2\/types\/page"}],"author":[{"embeddable":true,"href":"https:\/\/www.colegiotremanes.com\/index.php?rest_route=\/wp\/v2\/users\/1"}],"replies":[{"embeddable":true,"href":"https:\/\/www.colegiotremanes.com\/index.php?rest_route=%2Fwp%2Fv2%2Fcomments&post=1218"}],"version-history":[{"count":5,"href":"https:\/\/www.colegiotremanes.com\/index.php?rest_route=\/wp\/v2\/pages\/1218\/revisions"}],"predecessor-version":[{"id":1226,"href":"https:\/\/www.colegiotremanes.com\/index.php?rest_route=\/wp\/v2\/pages\/1218\/revisions\/1226"}],"wp:attachment":[{"href":"https:\/\/www.colegiotremanes.com\/index.php?rest_route=%2Fwp%2Fv2%2Fmedia&parent=1218"}],"curies":[{"name":"wp","href":"https:\/\/api.w.org\/{rel}","templated":true}]}}