{"id":120,"date":"2017-11-09T00:25:22","date_gmt":"2017-11-09T00:25:22","guid":{"rendered":"http:\/\/www.colegiotremanes.com\/?page_id=120"},"modified":"2025-11-17T20:14:51","modified_gmt":"2025-11-17T20:14:51","slug":"ampa","status":"publish","type":"page","link":"https:\/\/www.colegiotremanes.com\/?page_id=120","title":{"rendered":"AMPA"},"content":{"rendered":"\n<div>\n<div>\n<div>\n<div>\n<div>\n<div>\n<h4>Desde&nbsp; la A.M.P.A., trabajamos para favorecer y mejorar la educaci\u00f3n de nuestros hijos e hijas porque entendemos que es tarea de todos: padres, madres y escuela.<\/h4>\n<\/div>\n<h4>La Asociaci\u00f3n cumple una importante funci\u00f3n dentro de esta comunidad apoyando al colegio en lo que nos solicita, ejerciendo de puente entre familias y colegio para conseguir lo mejor para nuestros hijos e hijas.<\/h4>\n<\/div>\n<\/div>\n<h4>Para cualquier consulta o sugerencia&nbsp;<a href=\"mailto:ampatremanes2012@hotmail.com\" target=\"_blank\" rel=\"noopener noreferrer\">ampatremanes@gmail.com<\/a><\/h4>\n<\/div>\n<\/div>\n<\/div>\n\n\n<div class=\"wp-block-image\">\n<figure class=\"aligncenter\"><a href=\"https:\/\/www.colegiotremanes.com\/wp-content\/uploads\/2022\/09\/2DBE6132-7330-4185-8692-02F85E95E116.pdf\"><img loading=\"lazy\" decoding=\"async\" width=\"704\" height=\"288\" src=\"https:\/\/www.colegiotremanes.com\/wp-content\/uploads\/2021\/09\/INSCRIPC..jpg\" alt=\"\" class=\"wp-image-2232\" srcset=\"https:\/\/www.colegiotremanes.com\/wp-content\/uploads\/2021\/09\/INSCRIPC..jpg 704w, https:\/\/www.colegiotremanes.com\/wp-content\/uploads\/2021\/09\/INSCRIPC.-300x123.jpg 300w, https:\/\/www.colegiotremanes.com\/wp-content\/uploads\/2021\/09\/INSCRIPC.-110x45.jpg 110w, https:\/\/www.colegiotremanes.com\/wp-content\/uploads\/2021\/09\/INSCRIPC.-420x172.jpg 420w\" sizes=\"auto, (max-width: 704px) 100vw, 704px\" \/><\/a><\/figure>\n<\/div>\n\n<div class=\"wp-block-image\">\n<figure class=\"aligncenter\"><a href=\"https:\/\/www.colegiotremanes.com\/wp-content\/uploads\/2021\/09\/CARNET-SOCIO-QR.pdf\"><img loading=\"lazy\" decoding=\"async\" width=\"664\" height=\"411\" src=\"https:\/\/www.colegiotremanes.com\/wp-content\/uploads\/2021\/09\/QR.jpg\" alt=\"\" class=\"wp-image-2234\" srcset=\"https:\/\/www.colegiotremanes.com\/wp-content\/uploads\/2021\/09\/QR.jpg 664w, https:\/\/www.colegiotremanes.com\/wp-content\/uploads\/2021\/09\/QR-300x186.jpg 300w, https:\/\/www.colegiotremanes.com\/wp-content\/uploads\/2021\/09\/QR-110x68.jpg 110w, https:\/\/www.colegiotremanes.com\/wp-content\/uploads\/2021\/09\/QR-420x260.jpg 420w\" sizes=\"auto, (max-width: 664px) 100vw, 664px\" \/><\/a><\/figure>\n<\/div>\n\n\n<p class=\"has-text-align-left\"><\/p>\n\n\n\n<h2 class=\"wp-block-heading\"><\/h2>\n\n\n\n<h2 class=\"wp-block-heading\"><figure><img loading=\"lazy\" decoding=\"async\" width=\"750\" height=\"1061\" class=\"wp-image-2613 aligncenter\" src=\"https:\/\/www.colegiotremanes.com\/wp-content\/uploads\/2022\/09\/\u00bfPARA-QUE-SIRVE-EL-A.M.P.A-724x1024.jpeg\" alt=\"\" srcset=\"https:\/\/www.colegiotremanes.com\/wp-content\/uploads\/2022\/09\/\u00bfPARA-QUE-SIRVE-EL-A.M.P.A-724x1024.jpeg 724w, https:\/\/www.colegiotremanes.com\/wp-content\/uploads\/2022\/09\/\u00bfPARA-QUE-SIRVE-EL-A.M.P.A-212x300.jpeg 212w, https:\/\/www.colegiotremanes.com\/wp-content\/uploads\/2022\/09\/\u00bfPARA-QUE-SIRVE-EL-A.M.P.A-768x1086.jpeg 768w, https:\/\/www.colegiotremanes.com\/wp-content\/uploads\/2022\/09\/\u00bfPARA-QUE-SIRVE-EL-A.M.P.A-1086x1536.jpeg 1086w, https:\/\/www.colegiotremanes.com\/wp-content\/uploads\/2022\/09\/\u00bfPARA-QUE-SIRVE-EL-A.M.P.A-1448x2048.jpeg 1448w, https:\/\/www.colegiotremanes.com\/wp-content\/uploads\/2022\/09\/\u00bfPARA-QUE-SIRVE-EL-A.M.P.A-78x110.jpeg 78w, https:\/\/www.colegiotremanes.com\/wp-content\/uploads\/2022\/09\/\u00bfPARA-QUE-SIRVE-EL-A.M.P.A-297x420.jpeg 297w, https:\/\/www.colegiotremanes.com\/wp-content\/uploads\/2022\/09\/\u00bfPARA-QUE-SIRVE-EL-A.M.P.A-304x430.jpeg 304w, https:\/\/www.colegiotremanes.com\/wp-content\/uploads\/2022\/09\/\u00bfPARA-QUE-SIRVE-EL-A.M.P.A.jpeg 1587w\" sizes=\"auto, (max-width: 750px) 100vw, 750px\" \/><\/figure><\/h2>\n","protected":false},"excerpt":{"rendered":"<p>Desde&nbsp; la A.M.P.A., trabajamos para favorecer y mejorar la educaci\u00f3n de nuestros hijos e hijas porque entendemos que es tarea de todos: padres, madres y escuela. La Asociaci\u00f3n cumple una importante funci\u00f3n dentro de esta comunidad apoyando al colegio en lo que nos solicita, ejerciendo de puente entre familias y colegio para conseguir lo mejor [&hellip;]<\/p>\n","protected":false},"author":1,"featured_media":0,"parent":17,"menu_order":4,"comment_status":"closed","ping_status":"closed","template":"","meta":{"footnotes":""},"class_list":["post-120","page","type-page","status-publish","hentry"],"_links":{"self":[{"href":"https:\/\/www.colegiotremanes.com\/index.php?rest_route=\/wp\/v2\/pages\/120","targetHints":{"allow":["GET"]}}],"collection":[{"href":"https:\/\/www.colegiotremanes.com\/index.php?rest_route=\/wp\/v2\/pages"}],"about":[{"href":"https:\/\/www.colegiotremanes.com\/index.php?rest_route=\/wp\/v2\/types\/page"}],"author":[{"embeddable":true,"href":"https:\/\/www.colegiotremanes.com\/index.php?rest_route=\/wp\/v2\/users\/1"}],"replies":[{"embeddable":true,"href":"https:\/\/www.colegiotremanes.com\/index.php?rest_route=%2Fwp%2Fv2%2Fcomments&post=120"}],"version-history":[{"count":19,"href":"https:\/\/www.colegiotremanes.com\/index.php?rest_route=\/wp\/v2\/pages\/120\/revisions"}],"predecessor-version":[{"id":3810,"href":"https:\/\/www.colegiotremanes.com\/index.php?rest_route=\/wp\/v2\/pages\/120\/revisions\/3810"}],"up":[{"embeddable":true,"href":"https:\/\/www.colegiotremanes.com\/index.php?rest_route=\/wp\/v2\/pages\/17"}],"wp:attachment":[{"href":"https:\/\/www.colegiotremanes.com\/index.php?rest_route=%2Fwp%2Fv2%2Fmedia&parent=120"}],"curies":[{"name":"wp","href":"https:\/\/api.w.org\/{rel}","templated":true}]}}